{"id":11,"date":"2023-11-18T11:51:09","date_gmt":"2023-11-18T10:51:09","guid":{"rendered":"https:\/\/papayawhip-mosquito-458531.hostingersite.com\/?page_id=11"},"modified":"2024-08-23T15:53:38","modified_gmt":"2024-08-23T13:53:38","slug":"o-meni","status":"publish","type":"page","link":"https:\/\/spheragk.com\/en\/o-meni\/","title":{"rendered":"ABOUT ME"},"content":{"rendered":"<div data-elementor-type=\"wp-page\" data-elementor-id=\"11\" class=\"elementor elementor-11\" data-elementor-settings=\"{&quot;ha_cmc_init_switcher&quot;:&quot;no&quot;}\" data-elementor-post-type=\"page\">\n\t\t\t\t\t\t<section class=\"elementor-section elementor-top-section elementor-element elementor-element-a3kqm3y elementor-section-boxed elementor-section-height-default elementor-section-height-default\" data-id=\"a3kqm3y\" data-element_type=\"section\" data-e-type=\"section\" data-settings=\"{&quot;background_background&quot;:&quot;classic&quot;}\">\n\t\t\t\t\t\t\t<div class=\"elementor-background-overlay\"><\/div>\n\t\t\t\t\t\t\t<div class=\"elementor-container elementor-column-gap-no\">\n\t\t\t\t\t<div class=\"elementor-column elementor-col-100 elementor-top-column elementor-element elementor-element-211dd39\" data-id=\"211dd39\" data-element_type=\"column\" data-e-type=\"column\">\n\t\t\t<div class=\"elementor-widget-wrap elementor-element-populated\">\n\t\t\t\t\t\t<div class=\"elementor-element elementor-element-3b23e95 elementor-widget elementor-widget-heading\" data-id=\"3b23e95\" data-element_type=\"widget\" data-e-type=\"widget\" data-widget_type=\"heading.default\">\n\t\t\t\t<div class=\"elementor-widget-container\">\n\t\t\t\t\t<h1 class=\"elementor-heading-title elementor-size-default\">Ivan Bokuli\u0107, licensed goalkeeper coach<\/h1>\t\t\t\t<\/div>\n\t\t\t\t<\/div>\n\t\t\t\t\t<\/div>\n\t\t<\/div>\n\t\t\t\t\t<\/div>\n\t\t<\/section>\n\t\t<div class=\"elementor-element elementor-element-210c946 e-flex e-con-boxed e-con e-parent\" data-id=\"210c946\" data-element_type=\"container\" data-e-type=\"container\">\n\t\t\t\t\t<div class=\"e-con-inner\">\n\t\t\t\t\t<\/div>\n\t\t\t\t<\/div>\n\t\t<div class=\"elementor-element elementor-element-ebc0233 e-con-full e-flex e-con e-parent\" data-id=\"ebc0233\" data-element_type=\"container\" data-e-type=\"container\">\n\t\t<div class=\"elementor-element elementor-element-5bbaa0e e-flex e-con-boxed e-con e-child\" data-id=\"5bbaa0e\" data-element_type=\"container\" data-e-type=\"container\">\n\t\t\t\t\t<div class=\"e-con-inner\">\n\t\t\t\t<div class=\"elementor-element elementor-element-fca57f8 elementor-view-default elementor-widget elementor-widget-icon\" data-id=\"fca57f8\" data-element_type=\"widget\" data-e-type=\"widget\" data-widget_type=\"icon.default\">\n\t\t\t\t<div class=\"elementor-widget-container\">\n\t\t\t\t\t\t\t<div class=\"elementor-icon-wrapper\">\n\t\t\t<div class=\"elementor-icon\">\n\t\t\t<svg aria-hidden=\"true\" class=\"e-font-icon-svg e-fas-mobile-alt\" viewbox=\"0 0 320 512\" xmlns=\"http:\/\/www.w3.org\/2000\/svg\"><path d=\"M272 0H48C21.5 0 0 21.5 0 48v416c0 26.5 21.5 48 48 48h224c26.5 0 48-21.5 48-48V48c0-26.5-21.5-48-48-48zM160 480c-17.7 0-32-14.3-32-32s14.3-32 32-32 32 14.3 32 32-14.3 32-32 32zm112-108c0 6.6-5.4 12-12 12H60c-6.6 0-12-5.4-12-12V60c0-6.6 5.4-12 12-12h200c6.6 0 12 5.4 12 12v312z\"><\/path><\/svg>\t\t\t<\/div>\n\t\t<\/div>\n\t\t\t\t\t\t<\/div>\n\t\t\t\t<\/div>\n\t\t\t\t<div class=\"elementor-element elementor-element-7f80c54 elementor-widget elementor-widget-text-editor\" data-id=\"7f80c54\" data-element_type=\"widget\" data-e-type=\"widget\" data-widget_type=\"text-editor.default\">\n\t\t\t\t<div class=\"elementor-widget-container\">\n\t\t\t\t\t\t\t\t\t<a href=\"tel:+38598 5109 60\">+38598 5109 60<\/a>\t\t\t\t\t\t\t\t<\/div>\n\t\t\t\t<\/div>\n\t\t\t\t\t<\/div>\n\t\t\t\t<\/div>\n\t\t<div class=\"elementor-element elementor-element-829f799 elementor-hidden-tablet elementor-hidden-mobile e-flex e-con-boxed e-con e-child\" data-id=\"829f799\" data-element_type=\"container\" data-e-type=\"container\">\n\t\t\t\t\t<div class=\"e-con-inner\">\n\t\t\t\t<div class=\"elementor-element elementor-element-4163208 elementor-widget elementor-widget-image\" data-id=\"4163208\" data-element_type=\"widget\" data-e-type=\"widget\" data-widget_type=\"image.default\">\n\t\t\t\t<div class=\"elementor-widget-container\">\n\t\t\t\t\t\t\t\t\t\t\t\t\t\t\t<img fetchpriority=\"high\" decoding=\"async\" width=\"768\" height=\"432\" src=\"https:\/\/spheragk.com\/wp-content\/uploads\/2024\/02\/Boki-digitalna-vizitka-vodoravna-1920-x-1080-px-768x432.png\" class=\"attachment-medium_large size-medium_large wp-image-724\" alt=\"Ivan Bokuli\u0107\" srcset=\"https:\/\/spheragk.com\/wp-content\/uploads\/2024\/02\/Boki-digitalna-vizitka-vodoravna-1920-x-1080-px-768x432.png 768w, https:\/\/spheragk.com\/wp-content\/uploads\/2024\/02\/Boki-digitalna-vizitka-vodoravna-1920-x-1080-px-300x169.png 300w, https:\/\/spheragk.com\/wp-content\/uploads\/2024\/02\/Boki-digitalna-vizitka-vodoravna-1920-x-1080-px-1024x576.png 1024w, https:\/\/spheragk.com\/wp-content\/uploads\/2024\/02\/Boki-digitalna-vizitka-vodoravna-1920-x-1080-px-1536x864.png 1536w, https:\/\/spheragk.com\/wp-content\/uploads\/2024\/02\/Boki-digitalna-vizitka-vodoravna-1920-x-1080-px-18x10.png 18w, https:\/\/spheragk.com\/wp-content\/uploads\/2024\/02\/Boki-digitalna-vizitka-vodoravna-1920-x-1080-px.png 1920w\" sizes=\"(max-width: 768px) 100vw, 768px\" \/>\t\t\t\t\t\t\t\t\t\t\t\t\t\t\t<\/div>\n\t\t\t\t<\/div>\n\t\t\t\t\t<\/div>\n\t\t\t\t<\/div>\n\t\t<div class=\"elementor-element elementor-element-ed12c0d e-flex e-con-boxed e-con e-child\" data-id=\"ed12c0d\" data-element_type=\"container\" data-e-type=\"container\">\n\t\t\t\t\t<div class=\"e-con-inner\">\n\t\t\t\t<div class=\"elementor-element elementor-element-99c609b elementor-view-default elementor-widget elementor-widget-icon\" data-id=\"99c609b\" data-element_type=\"widget\" data-e-type=\"widget\" data-widget_type=\"icon.default\">\n\t\t\t\t<div class=\"elementor-widget-container\">\n\t\t\t\t\t\t\t<div class=\"elementor-icon-wrapper\">\n\t\t\t<div class=\"elementor-icon\">\n\t\t\t<svg aria-hidden=\"true\" class=\"e-font-icon-svg e-far-envelope\" viewbox=\"0 0 512 512\" xmlns=\"http:\/\/www.w3.org\/2000\/svg\"><path d=\"M464 64H48C21.49 64 0 85.49 0 112v288c0 26.51 21.49 48 48 48h416c26.51 0 48-21.49 48-48V112c0-26.51-21.49-48-48-48zm0 48v40.805c-22.422 18.259-58.168 46.651-134.587 106.49-16.841 13.247-50.201 45.072-73.413 44.701-23.208.375-56.579-31.459-73.413-44.701C106.18 199.465 70.425 171.067 48 152.805V112h416zM48 400V214.398c22.914 18.251 55.409 43.862 104.938 82.646 21.857 17.205 60.134 55.186 103.062 54.955 42.717.231 80.509-37.199 103.053-54.947 49.528-38.783 82.032-64.401 104.947-82.653V400H48z\"><\/path><\/svg>\t\t\t<\/div>\n\t\t<\/div>\n\t\t\t\t\t\t<\/div>\n\t\t\t\t<\/div>\n\t\t\t\t<div class=\"elementor-element elementor-element-c51e65a elementor-widget__width-initial elementor-widget elementor-widget-text-editor\" data-id=\"c51e65a\" data-element_type=\"widget\" data-e-type=\"widget\" data-widget_type=\"text-editor.default\">\n\t\t\t\t<div class=\"elementor-widget-container\">\n\t\t\t\t\t\t\t\t\t<a href=\"mailto:spheragk@gmail.com\">spheragk@gmail.com<\/a>\t\t\t\t\t\t\t\t<\/div>\n\t\t\t\t<\/div>\n\t\t\t\t\t<\/div>\n\t\t\t\t<\/div>\n\t\t\t\t<\/div>\n\t\t<div class=\"elementor-element elementor-element-a023691 e-flex e-con-boxed e-con e-parent\" data-id=\"a023691\" data-element_type=\"container\" data-e-type=\"container\">\n\t\t\t\t\t<div class=\"e-con-inner\">\n\t\t<div class=\"elementor-element elementor-element-0d709cf e-con-full e-flex e-con e-child\" data-id=\"0d709cf\" data-element_type=\"container\" data-e-type=\"container\">\n\t\t\t\t<div class=\"elementor-element elementor-element-a769725 elementor-widget elementor-widget-image\" data-id=\"a769725\" data-element_type=\"widget\" data-e-type=\"widget\" data-widget_type=\"image.default\">\n\t\t\t\t<div class=\"elementor-widget-container\">\n\t\t\t\t\t\t\t\t\t\t\t\t\t\t\t<img decoding=\"async\" width=\"748\" height=\"1024\" src=\"https:\/\/spheragk.com\/wp-content\/uploads\/2023\/11\/Diploma-trenera-748x1024.png\" class=\"attachment-large size-large wp-image-383\" alt=\"\" srcset=\"https:\/\/spheragk.com\/wp-content\/uploads\/2023\/11\/Diploma-trenera-748x1024.png 748w, https:\/\/spheragk.com\/wp-content\/uploads\/2023\/11\/Diploma-trenera-219x300.png 219w, https:\/\/spheragk.com\/wp-content\/uploads\/2023\/11\/Diploma-trenera-768x1052.png 768w, https:\/\/spheragk.com\/wp-content\/uploads\/2023\/11\/Diploma-trenera.png 801w\" sizes=\"(max-width: 748px) 100vw, 748px\" \/>\t\t\t\t\t\t\t\t\t\t\t\t\t\t\t<\/div>\n\t\t\t\t<\/div>\n\t\t\t\t<\/div>\n\t\t<div class=\"elementor-element elementor-element-6896a78 e-con-full e-flex e-con e-child\" data-id=\"6896a78\" data-element_type=\"container\" data-e-type=\"container\">\n\t\t\t\t<div class=\"elementor-element elementor-element-d8895f0 elementor-widget elementor-widget-heading\" data-id=\"d8895f0\" data-element_type=\"widget\" data-e-type=\"widget\" data-widget_type=\"heading.default\">\n\t\t\t\t<div class=\"elementor-widget-container\">\n\t\t\t\t\t<h2 class=\"elementor-heading-title elementor-size-default\">About me<\/h2>\t\t\t\t<\/div>\n\t\t\t\t<\/div>\n\t\t\t\t<div class=\"elementor-element elementor-element-a2e0dea elementor-widget elementor-widget-text-editor\" data-id=\"a2e0dea\" data-element_type=\"widget\" data-e-type=\"widget\" data-widget_type=\"text-editor.default\">\n\t\t\t\t<div class=\"elementor-widget-container\">\n\t\t\t\t\t\t\t\t\t<p>Coaching experience in leading goalkeeping training for the past decade has brought me a deep understanding of the subtleties of this specific soccer calling. Through years of work, I have developed a personalized approach, adapting training to the individual needs of each goalkeeper, with the result of a high degree of satisfaction among my participants.<\/p><p>My approach to training goalkeepers is focused not only on technical and tactical aspects, but also on the development of mental endurance. My philosophy in training is based on the real situations a goalkeeper faces in a match. I am aware of the importance of self-confidence and concentration, and I support my students in developing these key elements of the game.<\/p><p>The results of my work are reflected in a large number of satisfied goalkeepers who have gone through my coaching methods. Their success on the field is a testament to the effectiveness of the customized training and careful mentoring I provide.<\/p><p>In cooperation with different clubs at all levels of competition, I provide professional support in the development of goalkeeper talents. I actively participate in workshops and seminars, striving to constantly expand my knowledge and skills in order to pass them on to new generations of goalkeeper talents.<\/p><p>Through individual and group training, I encourage competitive spirit and teamwork among goalkeepers. I am aware that the key is in a personalized approach, and therefore I create training plans that take into account the strengths of each individual, while working to improve possible weaknesses.<\/p><p>My decade of experience makes me an expert in the field of training goalkeepers, and through my dedicated work I strive to provide top-notch support and achieve exceptional results. My satisfaction comes from the success of my players, and their progress on the field is the best confirmation of the quality of my work.<\/p>\t\t\t\t\t\t\t\t<\/div>\n\t\t\t\t<\/div>\n\t\t\t\t<\/div>\n\t\t\t\t\t<\/div>\n\t\t\t\t<\/div>\n\t\t<div class=\"elementor-element elementor-element-115dec4 e-flex e-con-boxed e-con e-parent\" data-id=\"115dec4\" data-element_type=\"container\" data-e-type=\"container\">\n\t\t\t\t\t<div class=\"e-con-inner\">\n\t\t\t\t<div class=\"elementor-element elementor-element-a3ea652 elementor-arrows-position-inside elementor-pagination-position-outside elementor-widget elementor-widget-image-carousel\" data-id=\"a3ea652\" data-element_type=\"widget\" data-e-type=\"widget\" data-settings=\"{&quot;slides_to_show&quot;:&quot;2&quot;,&quot;image_spacing_custom&quot;:{&quot;unit&quot;:&quot;px&quot;,&quot;size&quot;:15,&quot;sizes&quot;:[]},&quot;navigation&quot;:&quot;both&quot;,&quot;autoplay&quot;:&quot;yes&quot;,&quot;pause_on_hover&quot;:&quot;yes&quot;,&quot;pause_on_interaction&quot;:&quot;yes&quot;,&quot;autoplay_speed&quot;:5000,&quot;infinite&quot;:&quot;yes&quot;,&quot;speed&quot;:500,&quot;image_spacing_custom_tablet&quot;:{&quot;unit&quot;:&quot;px&quot;,&quot;size&quot;:&quot;&quot;,&quot;sizes&quot;:[]},&quot;image_spacing_custom_mobile&quot;:{&quot;unit&quot;:&quot;px&quot;,&quot;size&quot;:&quot;&quot;,&quot;sizes&quot;:[]}}\" data-widget_type=\"image-carousel.default\">\n\t\t\t\t<div class=\"elementor-widget-container\">\n\t\t\t\t\t\t\t<div class=\"elementor-image-carousel-wrapper swiper\" role=\"region\" aria-roledescription=\"carousel\" aria-label=\"Image Carousel\" dir=\"ltr\">\n\t\t\t<div class=\"elementor-image-carousel swiper-wrapper swiper-image-stretch\" aria-live=\"off\">\n\t\t\t\t\t\t\t\t<div class=\"swiper-slide\" role=\"group\" aria-roledescription=\"slide\" aria-label=\"1 of 12\"><figure class=\"swiper-slide-inner\"><img decoding=\"async\" class=\"swiper-slide-image\" src=\"https:\/\/spheragk.com\/wp-content\/uploads\/2023\/11\/Grupni-trening-1.svg\" alt=\"Ivan Bokuli\u0107 na grupnom treningu\" \/><\/figure><\/div><div class=\"swiper-slide\" role=\"group\" aria-roledescription=\"slide\" aria-label=\"2 of 12\"><figure class=\"swiper-slide-inner\"><img decoding=\"async\" class=\"swiper-slide-image\" src=\"https:\/\/spheragk.com\/wp-content\/uploads\/2023\/11\/Grupni-trening-5.svg\" alt=\"Grupni trening 5\" \/><\/figure><\/div><div class=\"swiper-slide\" role=\"group\" aria-roledescription=\"slide\" aria-label=\"3 of 12\"><figure class=\"swiper-slide-inner\"><img decoding=\"async\" class=\"swiper-slide-image\" src=\"https:\/\/spheragk.com\/wp-content\/uploads\/2023\/11\/Individualni-trening-B.svg\" alt=\"Individualni trening B\" \/><\/figure><\/div><div class=\"swiper-slide\" role=\"group\" aria-roledescription=\"slide\" aria-label=\"4 of 12\"><figure class=\"swiper-slide-inner\"><img decoding=\"async\" class=\"swiper-slide-image\" src=\"https:\/\/spheragk.com\/wp-content\/uploads\/2023\/11\/Individualni-trening-B2.svg\" alt=\"Individualni trening B2\" \/><\/figure><\/div><div class=\"swiper-slide\" role=\"group\" aria-roledescription=\"slide\" aria-label=\"5 of 12\"><figure class=\"swiper-slide-inner\"><img decoding=\"async\" class=\"swiper-slide-image\" src=\"https:\/\/spheragk.com\/wp-content\/uploads\/2023\/11\/Individualni-trening-B3.svg\" alt=\"Ivan Bokuli\u0107 trener golmana\" \/><\/figure><\/div><div class=\"swiper-slide\" role=\"group\" aria-roledescription=\"slide\" aria-label=\"6 of 12\"><figure class=\"swiper-slide-inner\"><img decoding=\"async\" class=\"swiper-slide-image\" src=\"https:\/\/spheragk.com\/wp-content\/uploads\/2023\/11\/Individualni-trening-B4.svg\" alt=\"Individualni trening B4\" \/><\/figure><\/div><div class=\"swiper-slide\" role=\"group\" aria-roledescription=\"slide\" aria-label=\"7 of 12\"><figure class=\"swiper-slide-inner\"><img decoding=\"async\" class=\"swiper-slide-image\" src=\"https:\/\/spheragk.com\/wp-content\/uploads\/2023\/11\/Individualni-trening-Matija-2.svg\" alt=\"Individualni trening Matija 2\" \/><\/figure><\/div><div class=\"swiper-slide\" role=\"group\" aria-roledescription=\"slide\" aria-label=\"8 of 12\"><figure class=\"swiper-slide-inner\"><img decoding=\"async\" class=\"swiper-slide-image\" src=\"https:\/\/spheragk.com\/wp-content\/uploads\/2023\/11\/Individualni-trening-Matija-3.svg\" alt=\"Individualni trening Matija 3\" \/><\/figure><\/div><div class=\"swiper-slide\" role=\"group\" aria-roledescription=\"slide\" aria-label=\"9 of 12\"><figure class=\"swiper-slide-inner\"><img decoding=\"async\" class=\"swiper-slide-image\" src=\"https:\/\/spheragk.com\/wp-content\/uploads\/2023\/11\/Individualni-trening-Matija.svg\" alt=\"Individualni trening Matija\" \/><\/figure><\/div><div class=\"swiper-slide\" role=\"group\" aria-roledescription=\"slide\" aria-label=\"10 of 12\"><figure class=\"swiper-slide-inner\"><img decoding=\"async\" class=\"swiper-slide-image\" src=\"https:\/\/spheragk.com\/wp-content\/uploads\/2023\/11\/Ivan-Bokulic-1.svg\" alt=\"Ivan Bokuli\u0107 na treningu\" \/><\/figure><\/div><div class=\"swiper-slide\" role=\"group\" aria-roledescription=\"slide\" aria-label=\"11 of 12\"><figure class=\"swiper-slide-inner\"><img decoding=\"async\" class=\"swiper-slide-image\" src=\"https:\/\/spheragk.com\/wp-content\/uploads\/2023\/11\/Ivan-Bokulic-2.svg\" alt=\"Ivan Bokuli\u0107 trener golmana\" \/><\/figure><\/div><div class=\"swiper-slide\" role=\"group\" aria-roledescription=\"slide\" aria-label=\"12 of 12\"><figure class=\"swiper-slide-inner\"><img decoding=\"async\" class=\"swiper-slide-image\" src=\"https:\/\/spheragk.com\/wp-content\/uploads\/2023\/11\/Ivan-Bokulic-3.svg\" alt=\"Ivan Bokuli\u0107 nasmijani trener\" \/><\/figure><\/div>\t\t\t<\/div>\n\t\t\t\t\t\t\t\t\t\t\t\t<div class=\"elementor-swiper-button elementor-swiper-button-prev\" role=\"button\" tabindex=\"0\">\n\t\t\t\t\t\t<svg aria-hidden=\"true\" class=\"e-font-icon-svg e-eicon-chevron-left\" viewbox=\"0 0 1000 1000\" xmlns=\"http:\/\/www.w3.org\/2000\/svg\"><path d=\"M646 125C629 125 613 133 604 142L308 442C296 454 292 471 292 487 292 504 296 521 308 533L604 854C617 867 629 875 646 875 663 875 679 871 692 858 704 846 713 829 713 812 713 796 708 779 692 767L438 487 692 225C700 217 708 204 708 187 708 171 704 154 692 142 675 129 663 125 646 125Z\"><\/path><\/svg>\t\t\t\t\t<\/div>\n\t\t\t\t\t<div class=\"elementor-swiper-button elementor-swiper-button-next\" role=\"button\" tabindex=\"0\">\n\t\t\t\t\t\t<svg aria-hidden=\"true\" class=\"e-font-icon-svg e-eicon-chevron-right\" viewbox=\"0 0 1000 1000\" xmlns=\"http:\/\/www.w3.org\/2000\/svg\"><path d=\"M696 533C708 521 713 504 713 487 713 471 708 454 696 446L400 146C388 133 375 125 354 125 338 125 325 129 313 142 300 154 292 171 292 187 292 204 296 221 308 233L563 492 304 771C292 783 288 800 288 817 288 833 296 850 308 863 321 871 338 875 354 875 371 875 388 867 400 854L696 533Z\"><\/path><\/svg>\t\t\t\t\t<\/div>\n\t\t\t\t\n\t\t\t\t\t\t\t\t\t<div class=\"swiper-pagination\"><\/div>\n\t\t\t\t\t\t\t\t\t<\/div>\n\t\t\t\t\t\t<\/div>\n\t\t\t\t<\/div>\n\t\t\t\t\t<\/div>\n\t\t\t\t<\/div>\n\t\t<div class=\"elementor-element elementor-element-b0c5c9a e-flex e-con-boxed e-con e-parent\" data-id=\"b0c5c9a\" data-element_type=\"container\" data-e-type=\"container\">\n\t\t\t\t\t<div class=\"e-con-inner\">\n\t\t\t\t<div class=\"elementor-element elementor-element-7956337 elementor-hidden-desktop elementor-widget elementor-widget-image\" data-id=\"7956337\" data-element_type=\"widget\" data-e-type=\"widget\" data-widget_type=\"image.default\">\n\t\t\t\t<div class=\"elementor-widget-container\">\n\t\t\t\t\t\t\t\t\t\t\t\t\t\t\t<img decoding=\"async\" width=\"1536\" height=\"864\" src=\"https:\/\/spheragk.com\/wp-content\/uploads\/2024\/02\/Boki-digitalna-vizitka-vodoravna-1920-x-1080-px-1536x864.png\" class=\"attachment-1536x1536 size-1536x1536 wp-image-724\" alt=\"Ivan Bokuli\u0107\" srcset=\"https:\/\/spheragk.com\/wp-content\/uploads\/2024\/02\/Boki-digitalna-vizitka-vodoravna-1920-x-1080-px-1536x864.png 1536w, https:\/\/spheragk.com\/wp-content\/uploads\/2024\/02\/Boki-digitalna-vizitka-vodoravna-1920-x-1080-px-300x169.png 300w, https:\/\/spheragk.com\/wp-content\/uploads\/2024\/02\/Boki-digitalna-vizitka-vodoravna-1920-x-1080-px-1024x576.png 1024w, https:\/\/spheragk.com\/wp-content\/uploads\/2024\/02\/Boki-digitalna-vizitka-vodoravna-1920-x-1080-px-768x432.png 768w, https:\/\/spheragk.com\/wp-content\/uploads\/2024\/02\/Boki-digitalna-vizitka-vodoravna-1920-x-1080-px-18x10.png 18w, https:\/\/spheragk.com\/wp-content\/uploads\/2024\/02\/Boki-digitalna-vizitka-vodoravna-1920-x-1080-px.png 1920w\" sizes=\"(max-width: 1536px) 100vw, 1536px\" \/>\t\t\t\t\t\t\t\t\t\t\t\t\t\t\t<\/div>\n\t\t\t\t<\/div>\n\t\t\t\t\t<\/div>\n\t\t\t\t<\/div>\n\t\t\t\t<\/div>","protected":false},"excerpt":{"rendered":"<p>Ivan Bokuli\u0107, licencirani trener golmana +38598 5109 60 spheragk@gmail.com Ne\u0161to o meni Trenersko iskustvo u vo\u0111enju golmanskih treninga proteklo desetlje\u0107e donijelo mi je duboko razumijevanje suptilnosti ovog specifi\u010dnog nogometnog poziva. Kroz godine rada, razvio sam personaliziran pristup, prilago\u0111avaju\u0107i treninge individualnim potrebama svakog golmana, s rezultatom visokog stupnja zadovoljstva me\u0111u mojim polaznicima. Moj pristup treniranju golmana [&hellip;]<\/p>\n","protected":false},"author":1,"featured_media":0,"parent":0,"menu_order":0,"comment_status":"closed","ping_status":"closed","template":"","meta":{"inline_featured_image":false,"footnotes":""},"class_list":["post-11","page","type-page","status-publish","hentry"],"_hostinger_reach_plugin_has_subscription_block":false,"_hostinger_reach_plugin_is_elementor":false,"_links":{"self":[{"href":"https:\/\/spheragk.com\/en\/wp-json\/wp\/v2\/pages\/11","targetHints":{"allow":["GET"]}}],"collection":[{"href":"https:\/\/spheragk.com\/en\/wp-json\/wp\/v2\/pages"}],"about":[{"href":"https:\/\/spheragk.com\/en\/wp-json\/wp\/v2\/types\/page"}],"author":[{"embeddable":true,"href":"https:\/\/spheragk.com\/en\/wp-json\/wp\/v2\/users\/1"}],"replies":[{"embeddable":true,"href":"https:\/\/spheragk.com\/en\/wp-json\/wp\/v2\/comments?post=11"}],"version-history":[{"count":104,"href":"https:\/\/spheragk.com\/en\/wp-json\/wp\/v2\/pages\/11\/revisions"}],"predecessor-version":[{"id":992,"href":"https:\/\/spheragk.com\/en\/wp-json\/wp\/v2\/pages\/11\/revisions\/992"}],"wp:attachment":[{"href":"https:\/\/spheragk.com\/en\/wp-json\/wp\/v2\/media?parent=11"}],"curies":[{"name":"wp","href":"https:\/\/api.w.org\/{rel}","templated":true}]}}